{"id":6,"date":"2022-04-21T08:00:00","date_gmt":"2022-04-21T06:00:00","guid":{"rendered":"https:\/\/leadershipcampus.ch\/fr\/?page_id=6"},"modified":"2026-02-04T10:34:46","modified_gmt":"2026-02-04T09:34:46","slug":"bienvenue","status":"publish","type":"page","link":"https:\/\/leadershipcampus.ch\/fr\/","title":{"rendered":"Bienvenue"},"content":{"rendered":"\n<h2 class=\"wp-block-heading\">\u00c0 propos du Campus Leadership de l\u2019Arm\u00e9e suisse<\/h2>\n\n\n\n<p>Le Campus Leadership de l\u2019Arm\u00e9e suisse est fond\u00e9 sur le quatri\u00e8me point de la vision L&rsquo;Arm\u00e9e suisse en 2030. <\/p>\n\n\n\n<blockquote class=\"wp-block-quote is-layout-flow wp-block-quote-is-layout-flow\">\n<p><strong>Le sens du leadership<\/strong><br>\u00ab&nbsp;L\u2019arm\u00e9e forme les leaders de demain.&nbsp;\u00bb<\/p>\n<cite>Vision L&rsquo;Arm\u00e9e suisse en 2030<\/cite><\/blockquote>\n\n\n\n<p>\u00c0 l\u2019arm\u00e9e, les futurs jeunes leaders peuvent rapidement assumer leurs t\u00e2ches de conduite avec d\u00e9vouement et m\u00e9thode.<\/p>\n\n\n\n<p>Forts de leur formation compl\u00e8te au leadership, les cadres militaires sont recherch\u00e9s par les milieux \u00e9conomiques.<\/p>\n\n\n\n<p>L\u2019arm\u00e9e est l\u2019\u00e9cole suisse du leadership. \u00c0 la question de savoir o\u00f9 le leadership s\u2019apprend en Suisse, la r\u00e9ponse est&nbsp;: \u00e0 l\u2019arm\u00e9e.<\/p>\n\n\n\n<p>Les cadres militaires sont recherch\u00e9s par les milieux \u00e9conomiques et leurs dossiers facilement retenus. L\u2019arm\u00e9e est en \u00e9troite connexion avec l\u2019\u00e9conomie, la soci\u00e9t\u00e9 et le paysage de la formation&nbsp;; elle entretient ces liens \u00e0 tous les niveaux. Elle fait partie int\u00e9grante du paysage suisse de la formation, notamment dans les secteurs secondaire et tertiaire.<\/p>\n\n\n\n<p>L\u2019arm\u00e9e forme les cadres de l\u2019\u00e9conomie et est reconnue dans la soci\u00e9t\u00e9 du savoir.<\/p>\n\n\n\n<p>L\u2019instruction suivie \u00e0 l\u2019arm\u00e9e apporte aux cadres militaires une exp\u00e9rience qui leur est utile ensuite dans le civil, au sein des entreprises.<\/p>\n\n\n\n<p>L\u2019\u00e9conomie a besoin d\u2019hommes et de femmes ayant assum\u00e9 des positions de conduite dans l\u2019arm\u00e9e. De plus, les r\u00e9seaux constitu\u00e9s \u00e0 l\u2019arm\u00e9e sont une richesse \u00e0 la fois pour l\u2019individu et pour l\u2019\u00e9conomie.<\/p>\n\n\n\n<p>La formation militaire au commandement est un point fort dans un curriculum vitae. Elle est comprise et valoris\u00e9e comme telle par les responsables du personnel.<\/p>\n\n\n\n<p>Point de la situation<\/p>\n\n\n\n<ul class=\"wp-block-list\">\n<li>Les milieux \u00e9conomiques reconnaissent l\u2019Arm\u00e9e suisse comme \u00e9tant LA meilleure \u00e9cole en leadership, m\u00e9thode de conduite et gestion de crise.<\/li>\n\n\n\n<li>Les entreprises, quelle que soit leur taille, sont pr\u00eates \u00e0 favoriser la formation militaire au commandement.<\/li>\n\n\n\n<li>Les milieux \u00e9conomiques engagent en priorit\u00e9 des cadres militaires.<\/li>\n\n\n\n<li>L\u2019accomplissement d\u2019un stage de formation militaire est un avantage dans la vie civile. La prise en compte des prestations de formation (cr\u00e9dits ECTS p.\u00a0ex.) est r\u00e9ciproque et syst\u00e9matique.<\/li>\n<\/ul>\n","protected":false},"excerpt":{"rendered":"<p>\u00c0 propos du Campus Leadership de l\u2019Arm\u00e9e suisse Le Campus Leadership de l\u2019Arm\u00e9e suisse est fond\u00e9 sur le quatri\u00e8me point de la vision L&rsquo;Arm\u00e9e suisse en 2030. Le sens du leadership\u00ab&nbsp;L\u2019arm\u00e9e forme les leaders de demain.&nbsp;\u00bb Vision L&rsquo;Arm\u00e9e suisse en 2030 \u00c0 l\u2019arm\u00e9e, les futurs jeunes leaders peuvent rapidement assumer leurs t\u00e2ches de conduite avec [&hellip;]<\/p>\n","protected":false},"author":1,"featured_media":51,"parent":0,"menu_order":0,"comment_status":"closed","ping_status":"closed","template":"templates\/template-cover.php","meta":{"footnotes":""},"class_list":["post-6","page","type-page","status-publish","has-post-thumbnail","hentry"],"yoast_head":"<!-- This site is optimized with the Yoast SEO plugin v27.4 - https:\/\/yoast.com\/product\/yoast-seo-wordpress\/ -->\n<title>Bienvenue &#8211; Leadership Campus de l&#039;Arm\u00e9e suisse<\/title>\n<meta name=\"robots\" content=\"index, follow, max-snippet:-1, max-image-preview:large, max-video-preview:-1\" \/>\n<link rel=\"canonical\" href=\"https:\/\/leadershipcampus.ch\/fr\/\" \/>\n<meta property=\"og:locale\" content=\"fr_FR\" \/>\n<meta property=\"og:type\" content=\"article\" \/>\n<meta property=\"og:title\" content=\"Bienvenue &#8211; Leadership Campus de l&#039;Arm\u00e9e suisse\" \/>\n<meta property=\"og:description\" content=\"\u00c0 propos du Campus Leadership de l\u2019Arm\u00e9e suisse Le Campus Leadership de l\u2019Arm\u00e9e suisse est fond\u00e9 sur le quatri\u00e8me point de la vision L&rsquo;Arm\u00e9e suisse en 2030. Le sens du leadership\u00ab&nbsp;L\u2019arm\u00e9e forme les leaders de demain.&nbsp;\u00bb Vision L&rsquo;Arm\u00e9e suisse en 2030 \u00c0 l\u2019arm\u00e9e, les futurs jeunes leaders peuvent rapidement assumer leurs t\u00e2ches de conduite avec [&hellip;]\" \/>\n<meta property=\"og:url\" content=\"https:\/\/leadershipcampus.ch\/fr\/\" \/>\n<meta property=\"og:site_name\" content=\"Leadership Campus de l&#039;Arm\u00e9e suisse\" \/>\n<meta property=\"article:modified_time\" content=\"2026-02-04T09:34:46+00:00\" \/>\n<meta property=\"og:image\" content=\"https:\/\/leadershipcampus.ch\/fr\/wp-content\/uploads\/sites\/3\/Featured-Willkommen.webp\" \/>\n\t<meta property=\"og:image:width\" content=\"1980\" \/>\n\t<meta property=\"og:image:height\" content=\"1485\" \/>\n\t<meta property=\"og:image:type\" content=\"image\/webp\" \/>\n<meta name=\"twitter:card\" content=\"summary_large_image\" \/>\n<meta name=\"twitter:label1\" content=\"Dur\u00e9e de lecture estim\u00e9e\" \/>\n\t<meta name=\"twitter:data1\" content=\"1 minute\" \/>\n<script type=\"application\/ld+json\" class=\"yoast-schema-graph\">{\"@context\":\"https:\\\/\\\/schema.org\",\"@graph\":[{\"@type\":\"WebPage\",\"@id\":\"https:\\\/\\\/leadershipcampus.ch\\\/fr\\\/\",\"url\":\"https:\\\/\\\/leadershipcampus.ch\\\/fr\\\/\",\"name\":\"Bienvenue &#8211; Leadership Campus de l&#039;Arm\u00e9e suisse\",\"isPartOf\":{\"@id\":\"https:\\\/\\\/leadershipcampus.ch\\\/fr\\\/#website\"},\"primaryImageOfPage\":{\"@id\":\"https:\\\/\\\/leadershipcampus.ch\\\/fr\\\/#primaryimage\"},\"image\":{\"@id\":\"https:\\\/\\\/leadershipcampus.ch\\\/fr\\\/#primaryimage\"},\"thumbnailUrl\":\"https:\\\/\\\/leadershipcampus.ch\\\/fr\\\/wp-content\\\/uploads\\\/sites\\\/3\\\/Featured-Willkommen.webp\",\"datePublished\":\"2022-04-21T06:00:00+00:00\",\"dateModified\":\"2026-02-04T09:34:46+00:00\",\"breadcrumb\":{\"@id\":\"https:\\\/\\\/leadershipcampus.ch\\\/fr\\\/#breadcrumb\"},\"inLanguage\":\"fr-FR\",\"potentialAction\":[{\"@type\":\"ReadAction\",\"target\":[\"https:\\\/\\\/leadershipcampus.ch\\\/fr\\\/\"]}]},{\"@type\":\"ImageObject\",\"inLanguage\":\"fr-FR\",\"@id\":\"https:\\\/\\\/leadershipcampus.ch\\\/fr\\\/#primaryimage\",\"url\":\"https:\\\/\\\/leadershipcampus.ch\\\/fr\\\/wp-content\\\/uploads\\\/sites\\\/3\\\/Featured-Willkommen.webp\",\"contentUrl\":\"https:\\\/\\\/leadershipcampus.ch\\\/fr\\\/wp-content\\\/uploads\\\/sites\\\/3\\\/Featured-Willkommen.webp\",\"width\":1980,\"height\":1485,\"caption\":\"Featured Willkommen\"},{\"@type\":\"BreadcrumbList\",\"@id\":\"https:\\\/\\\/leadershipcampus.ch\\\/fr\\\/#breadcrumb\",\"itemListElement\":[{\"@type\":\"ListItem\",\"position\":1,\"name\":\"Home\",\"item\":\"https:\\\/\\\/leadershipcampus.ch\\\/fr\\\/\"},{\"@type\":\"ListItem\",\"position\":2,\"name\":\"Bienvenue\"}]},{\"@type\":\"WebSite\",\"@id\":\"https:\\\/\\\/leadershipcampus.ch\\\/fr\\\/#website\",\"url\":\"https:\\\/\\\/leadershipcampus.ch\\\/fr\\\/\",\"name\":\"Leadership Campus de l&#039;Arm\u00e9e suisse\",\"description\":\"\",\"publisher\":{\"@id\":\"https:\\\/\\\/leadershipcampus.ch\\\/fr\\\/#organization\"},\"potentialAction\":[{\"@type\":\"SearchAction\",\"target\":{\"@type\":\"EntryPoint\",\"urlTemplate\":\"https:\\\/\\\/leadershipcampus.ch\\\/fr\\\/?s={search_term_string}\"},\"query-input\":{\"@type\":\"PropertyValueSpecification\",\"valueRequired\":true,\"valueName\":\"search_term_string\"}}],\"inLanguage\":\"fr-FR\"},{\"@type\":\"Organization\",\"@id\":\"https:\\\/\\\/leadershipcampus.ch\\\/fr\\\/#organization\",\"name\":\"Leadership Campus de l'Arm\u00e9e suisse\",\"url\":\"https:\\\/\\\/leadershipcampus.ch\\\/fr\\\/\",\"logo\":{\"@type\":\"ImageObject\",\"inLanguage\":\"fr-FR\",\"@id\":\"https:\\\/\\\/leadershipcampus.ch\\\/fr\\\/#\\\/schema\\\/logo\\\/image\\\/\",\"url\":\"https:\\\/\\\/leadershipcampus.ch\\\/fr\\\/wp-content\\\/uploads\\\/sites\\\/3\\\/2022\\\/04\\\/Logo-Leadership-Campus-FR.png\",\"contentUrl\":\"https:\\\/\\\/leadershipcampus.ch\\\/fr\\\/wp-content\\\/uploads\\\/sites\\\/3\\\/2022\\\/04\\\/Logo-Leadership-Campus-FR.png\",\"width\":498,\"height\":53,\"caption\":\"Leadership Campus de l'Arm\u00e9e suisse\"},\"image\":{\"@id\":\"https:\\\/\\\/leadershipcampus.ch\\\/fr\\\/#\\\/schema\\\/logo\\\/image\\\/\"}}]}<\/script>\n<!-- \/ Yoast SEO plugin. -->","yoast_head_json":{"title":"Bienvenue &#8211; Leadership Campus de l&#039;Arm\u00e9e suisse","robots":{"index":"index","follow":"follow","max-snippet":"max-snippet:-1","max-image-preview":"max-image-preview:large","max-video-preview":"max-video-preview:-1"},"canonical":"https:\/\/leadershipcampus.ch\/fr\/","og_locale":"fr_FR","og_type":"article","og_title":"Bienvenue &#8211; Leadership Campus de l&#039;Arm\u00e9e suisse","og_description":"\u00c0 propos du Campus Leadership de l\u2019Arm\u00e9e suisse Le Campus Leadership de l\u2019Arm\u00e9e suisse est fond\u00e9 sur le quatri\u00e8me point de la vision L&rsquo;Arm\u00e9e suisse en 2030. Le sens du leadership\u00ab&nbsp;L\u2019arm\u00e9e forme les leaders de demain.&nbsp;\u00bb Vision L&rsquo;Arm\u00e9e suisse en 2030 \u00c0 l\u2019arm\u00e9e, les futurs jeunes leaders peuvent rapidement assumer leurs t\u00e2ches de conduite avec [&hellip;]","og_url":"https:\/\/leadershipcampus.ch\/fr\/","og_site_name":"Leadership Campus de l&#039;Arm\u00e9e suisse","article_modified_time":"2026-02-04T09:34:46+00:00","og_image":[{"width":1980,"height":1485,"url":"https:\/\/leadershipcampus.ch\/fr\/wp-content\/uploads\/sites\/3\/Featured-Willkommen.webp","type":"image\/webp"}],"twitter_card":"summary_large_image","twitter_misc":{"Dur\u00e9e de lecture estim\u00e9e":"1 minute"},"schema":{"@context":"https:\/\/schema.org","@graph":[{"@type":"WebPage","@id":"https:\/\/leadershipcampus.ch\/fr\/","url":"https:\/\/leadershipcampus.ch\/fr\/","name":"Bienvenue &#8211; Leadership Campus de l&#039;Arm\u00e9e suisse","isPartOf":{"@id":"https:\/\/leadershipcampus.ch\/fr\/#website"},"primaryImageOfPage":{"@id":"https:\/\/leadershipcampus.ch\/fr\/#primaryimage"},"image":{"@id":"https:\/\/leadershipcampus.ch\/fr\/#primaryimage"},"thumbnailUrl":"https:\/\/leadershipcampus.ch\/fr\/wp-content\/uploads\/sites\/3\/Featured-Willkommen.webp","datePublished":"2022-04-21T06:00:00+00:00","dateModified":"2026-02-04T09:34:46+00:00","breadcrumb":{"@id":"https:\/\/leadershipcampus.ch\/fr\/#breadcrumb"},"inLanguage":"fr-FR","potentialAction":[{"@type":"ReadAction","target":["https:\/\/leadershipcampus.ch\/fr\/"]}]},{"@type":"ImageObject","inLanguage":"fr-FR","@id":"https:\/\/leadershipcampus.ch\/fr\/#primaryimage","url":"https:\/\/leadershipcampus.ch\/fr\/wp-content\/uploads\/sites\/3\/Featured-Willkommen.webp","contentUrl":"https:\/\/leadershipcampus.ch\/fr\/wp-content\/uploads\/sites\/3\/Featured-Willkommen.webp","width":1980,"height":1485,"caption":"Featured Willkommen"},{"@type":"BreadcrumbList","@id":"https:\/\/leadershipcampus.ch\/fr\/#breadcrumb","itemListElement":[{"@type":"ListItem","position":1,"name":"Home","item":"https:\/\/leadershipcampus.ch\/fr\/"},{"@type":"ListItem","position":2,"name":"Bienvenue"}]},{"@type":"WebSite","@id":"https:\/\/leadershipcampus.ch\/fr\/#website","url":"https:\/\/leadershipcampus.ch\/fr\/","name":"Leadership Campus de l&#039;Arm\u00e9e suisse","description":"","publisher":{"@id":"https:\/\/leadershipcampus.ch\/fr\/#organization"},"potentialAction":[{"@type":"SearchAction","target":{"@type":"EntryPoint","urlTemplate":"https:\/\/leadershipcampus.ch\/fr\/?s={search_term_string}"},"query-input":{"@type":"PropertyValueSpecification","valueRequired":true,"valueName":"search_term_string"}}],"inLanguage":"fr-FR"},{"@type":"Organization","@id":"https:\/\/leadershipcampus.ch\/fr\/#organization","name":"Leadership Campus de l'Arm\u00e9e suisse","url":"https:\/\/leadershipcampus.ch\/fr\/","logo":{"@type":"ImageObject","inLanguage":"fr-FR","@id":"https:\/\/leadershipcampus.ch\/fr\/#\/schema\/logo\/image\/","url":"https:\/\/leadershipcampus.ch\/fr\/wp-content\/uploads\/sites\/3\/2022\/04\/Logo-Leadership-Campus-FR.png","contentUrl":"https:\/\/leadershipcampus.ch\/fr\/wp-content\/uploads\/sites\/3\/2022\/04\/Logo-Leadership-Campus-FR.png","width":498,"height":53,"caption":"Leadership Campus de l'Arm\u00e9e suisse"},"image":{"@id":"https:\/\/leadershipcampus.ch\/fr\/#\/schema\/logo\/image\/"}}]}},"jetpack-related-posts":[{"id":74,"url":"https:\/\/leadershipcampus.ch\/fr\/formation-au-leadership\/","url_meta":{"origin":6,"position":0},"title":"Formation au leadership","author":"sedrinaschaller","date":"8 septembre 2023","format":false,"excerpt":"Stages S\u00e9minaire de strat\u00e9gie militaire du chef de l\u2019Arm\u00e9e\u00a02023 Le chef de l\u2019Arm\u00e9e dirige personnellement le s\u00e9minaire de strat\u00e9gie militaire. Le but est de pr\u00e9senter aux participantes et participants un tableau r\u00e9aliste des menaces objectives et subjectives actuelles, ainsi que des risques qui en d\u00e9coulent pour la s\u00e9curit\u00e9 de l\u2019\u00e9conomie\u2026","rel":"","context":"Article similaire","block_context":{"text":"Article similaire","link":""},"img":{"alt_text":"Featured-Leadership-Ausbildung","src":"https:\/\/i0.wp.com\/leadershipcampus.ch\/fr\/wp-content\/uploads\/sites\/3\/Featured-Leadership-Ausbildung.webp?resize=350%2C200&ssl=1","width":350,"height":200,"srcset":"https:\/\/i0.wp.com\/leadershipcampus.ch\/fr\/wp-content\/uploads\/sites\/3\/Featured-Leadership-Ausbildung.webp?resize=350%2C200&ssl=1 1x, https:\/\/i0.wp.com\/leadershipcampus.ch\/fr\/wp-content\/uploads\/sites\/3\/Featured-Leadership-Ausbildung.webp?resize=525%2C300&ssl=1 1.5x, https:\/\/i0.wp.com\/leadershipcampus.ch\/fr\/wp-content\/uploads\/sites\/3\/Featured-Leadership-Ausbildung.webp?resize=700%2C400&ssl=1 2x, https:\/\/i0.wp.com\/leadershipcampus.ch\/fr\/wp-content\/uploads\/sites\/3\/Featured-Leadership-Ausbildung.webp?resize=1050%2C600&ssl=1 3x, https:\/\/i0.wp.com\/leadershipcampus.ch\/fr\/wp-content\/uploads\/sites\/3\/Featured-Leadership-Ausbildung.webp?resize=1400%2C800&ssl=1 4x"},"classes":[]},{"id":37,"url":"https:\/\/leadershipcampus.ch\/fr\/colophon\/","url_meta":{"origin":6,"position":1},"title":"Colophon","author":"administrator@leadershipcampus.ch","date":"21 avril 2022","format":false,"excerpt":"L'\u00e9diteur de ce site est le Leadership Campus de l'Arm\u00e9e suisse.Kilroy Communications S\u00e0rl est responsable de la conception, du design et de la r\u00e9alisation. Ce site bas\u00e9 sur WordPress est h\u00e9berg\u00e9 en Suisse par Infomaniak. D\u00e9claration de protection des donn\u00e9es 1. De quoi est-il question dans cette d\u00e9claration de protection\u2026","rel":"","context":"Article similaire","block_context":{"text":"Article similaire","link":""},"img":{"alt_text":"","src":"","width":0,"height":0},"classes":[]},{"id":16,"url":"https:\/\/leadershipcampus.ch\/fr\/leadership\/","url_meta":{"origin":6,"position":2},"title":"Leadership","author":"administrator@leadershipcampus.ch","date":"21 avril 2022","format":false,"excerpt":"Le leadership dans l\u2019Arm\u00e9e suisse Ce que nous entendons par conduite\u00a0: Selon Blessin et Wick, conduire des collaboratrices et collaborateurs signifie \u00ab\u00a0exercer une influence l\u00e9gitime sur leurs actions dans des situations mal structur\u00e9es \u00e0 l\u2019aide et \u00e0 la diff\u00e9rence d\u2019autres influences\u00a0\u00bb\u00a0[1]. Reposant sur la th\u00e9orie de l\u2019action, cette d\u00e9finition englobe\u2026","rel":"","context":"Article similaire","block_context":{"text":"Article similaire","link":""},"img":{"alt_text":"Featured Leadership","src":"https:\/\/i0.wp.com\/leadershipcampus.ch\/fr\/wp-content\/uploads\/sites\/3\/Featured-Leadership.jpg?resize=350%2C200&ssl=1","width":350,"height":200,"srcset":"https:\/\/i0.wp.com\/leadershipcampus.ch\/fr\/wp-content\/uploads\/sites\/3\/Featured-Leadership.jpg?resize=350%2C200&ssl=1 1x, https:\/\/i0.wp.com\/leadershipcampus.ch\/fr\/wp-content\/uploads\/sites\/3\/Featured-Leadership.jpg?resize=525%2C300&ssl=1 1.5x, https:\/\/i0.wp.com\/leadershipcampus.ch\/fr\/wp-content\/uploads\/sites\/3\/Featured-Leadership.jpg?resize=700%2C400&ssl=1 2x, https:\/\/i0.wp.com\/leadershipcampus.ch\/fr\/wp-content\/uploads\/sites\/3\/Featured-Leadership.jpg?resize=1050%2C600&ssl=1 3x, https:\/\/i0.wp.com\/leadershipcampus.ch\/fr\/wp-content\/uploads\/sites\/3\/Featured-Leadership.jpg?resize=1400%2C800&ssl=1 4x"},"classes":[]}],"jetpack_sharing_enabled":true,"_links":{"self":[{"href":"https:\/\/leadershipcampus.ch\/fr\/wp-json\/wp\/v2\/pages\/6","targetHints":{"allow":["GET"]}}],"collection":[{"href":"https:\/\/leadershipcampus.ch\/fr\/wp-json\/wp\/v2\/pages"}],"about":[{"href":"https:\/\/leadershipcampus.ch\/fr\/wp-json\/wp\/v2\/types\/page"}],"author":[{"embeddable":true,"href":"https:\/\/leadershipcampus.ch\/fr\/wp-json\/wp\/v2\/users\/1"}],"replies":[{"embeddable":true,"href":"https:\/\/leadershipcampus.ch\/fr\/wp-json\/wp\/v2\/comments?post=6"}],"version-history":[{"count":3,"href":"https:\/\/leadershipcampus.ch\/fr\/wp-json\/wp\/v2\/pages\/6\/revisions"}],"predecessor-version":[{"id":2476,"href":"https:\/\/leadershipcampus.ch\/fr\/wp-json\/wp\/v2\/pages\/6\/revisions\/2476"}],"wp:featuredmedia":[{"embeddable":true,"href":"https:\/\/leadershipcampus.ch\/fr\/wp-json\/wp\/v2\/media\/51"}],"wp:attachment":[{"href":"https:\/\/leadershipcampus.ch\/fr\/wp-json\/wp\/v2\/media?parent=6"}],"curies":[{"name":"wp","href":"https:\/\/api.w.org\/{rel}","templated":true}]}}