{"id":74,"date":"2023-09-08T11:56:39","date_gmt":"2023-09-08T09:56:39","guid":{"rendered":"https:\/\/leadershipcampus.ch\/fr\/?page_id=74"},"modified":"2023-09-08T11:56:40","modified_gmt":"2023-09-08T09:56:40","slug":"formation-au-leadership","status":"publish","type":"page","link":"https:\/\/leadershipcampus.ch\/fr\/formation-au-leadership\/","title":{"rendered":"Formation au leadership"},"content":{"rendered":"\n<h2 class=\"wp-block-heading\">Stages<\/h2>\n\n\n\n<h3 class=\"wp-block-heading\"><strong>S\u00e9minaire de strat\u00e9gie militaire du chef de l\u2019Arm\u00e9e\u00a0202<\/strong>3<\/h3>\n\n\n\n<p>Le chef de l\u2019Arm\u00e9e dirige personnellement le s\u00e9minaire de strat\u00e9gie militaire. Le but est de pr\u00e9senter aux participantes et participants un tableau r\u00e9aliste des menaces objectives et subjectives actuelles, ainsi que des risques qui en d\u00e9coulent pour la s\u00e9curit\u00e9 de l\u2019\u00e9conomie et de la soci\u00e9t\u00e9 civile.<\/p>\n\n\n\n<p><br>Ce cours vise la mise en place d\u2019un r\u00e9seau strat\u00e9gique favorisant la prise de conscience et la compr\u00e9hension des multiples aspects de la s\u00e9curit\u00e9, toutes deux essentielles \u00e0 une action cibl\u00e9e et efficace.<\/p>\n\n\n\n<p>\u00c9v\u00e9nement phare du programme de l\u2019arm\u00e9e, notamment du Campus Leadership, il se concentre sur la strat\u00e9gie \u00e0 adopter dans un environnement dynamique en mati\u00e8re de politique de s\u00e9curit\u00e9. L\u2019accent est toujours mis sur l\u2019arm\u00e9e, mais il s\u2019agit ensuite de mettre en perspective les conclusions dans le contexte \u00e9conomique et social.<\/p>\n\n\n\n<p>Les participantes et participants ont l\u2019occasion de s\u2019entra\u00eener avec des sp\u00e9cialistes reconnus de l\u2019Arm\u00e9e suisse.<\/p>\n\n\n\n<p>Ce s\u00e9minaire d\u2019un jour et demi (du vendredi matin au samedi midi) peut \u00eatre suivi sur invitation personnelle du chef de l\u2019Arm\u00e9e.<\/p>\n\n\n\n<p>Les participantes et participants trouveront de plus amples informations dans le <a href=\"https:\/\/nextcloud.leadershipcampus.ch\/index.php\/apps\/files\/\" target=\"_blank\" rel=\"noreferrer noopener\">groupe ferm\u00e9 du Campus Leadership<\/a>.<\/p>\n\n\n\n<h3 class=\"wp-block-heading\">MAS in Effective Leadership<\/h3>\n\n\n\n<p>Les cadres de l\u2019\u00e9conomie, de l\u2019administration et du secteur non marchand font face \u00e0 des probl\u00e8mes de plus en plus difficiles. La volatilit\u00e9, l\u2019incertitude, la complexit\u00e9 et l\u2019ambigu\u00eft\u00e9 qui caract\u00e9risent notre monde les placent devant de grands d\u00e9fis.<\/p>\n\n\n\n<p>Le \u00abMaster of Advanced Studies in Effective Leadership\u00bb tient compte de ce contexte en proposant une formation intensive au commandement ax\u00e9e sur la prise de d\u00e9cision, la conduite de personnes et la gestion de l\u2019information dans des situations difficiles. Un exercice de simulation en temps r\u00e9el de plusieurs jours est \u00e9galement pr\u00e9vu.<\/p>\n\n\n\n<h3 class=\"wp-block-heading\">CAS Strategy with Impact<\/h3>\n\n\n\n<p>La formation continue Certificate of Advanced Studies (CAS) \u00abCAS Strategy with Impact\u00bb pr\u00e9pare les cadres d\u2019entreprises et d\u2019organisations priv\u00e9es ou publiques \u00e0 l\u2019interface de l\u2019\u00e9conomie, de l\u2019arm\u00e9e, de la politique et de la soci\u00e9t\u00e9 \u00e0 relever le d\u00e9fi du changement dynamique et \u00e0 d\u00e9velopper des strat\u00e9gies agiles. Les approches, les instruments et les techniques n\u00e9cessaires \u00e0 cet effet leur sont transmis de mani\u00e8re pratique. Par le biais de cas concrets et d\u2019unit\u00e9s de transfert, les participantes et participants \u00e9laborent des projets r\u00e9alisables dans leur propre domaine de comp\u00e9tence. L\u2019\u00e9change actif avec des homologues d\u2019autres types d\u2019organisations leur permet aussi d\u2019enrichir leur bagage d\u2019exp\u00e9riences et de connaissances.<\/p>\n\n\n\n<h2 class=\"wp-block-heading\">Partenaires<\/h2>\n\n\n\n<h3 class=\"wp-block-heading\">Universit\u00e9 de Lucerne<\/h3>\n\n\n\n<figure class=\"wp-block-image size-full\"><img loading=\"lazy\" decoding=\"async\" width=\"320\" height=\"91\" src=\"https:\/\/leadershipcampus.ch\/fr\/wp-content\/uploads\/sites\/3\/Kooperationspartner-Logo-Universitat-Luzern.webp\" alt=\"Logo Universit\u00e4t Luzern\" class=\"wp-image-75\" srcset=\"https:\/\/leadershipcampus.ch\/fr\/wp-content\/uploads\/sites\/3\/Kooperationspartner-Logo-Universitat-Luzern.webp 320w, https:\/\/leadershipcampus.ch\/fr\/wp-content\/uploads\/sites\/3\/Kooperationspartner-Logo-Universitat-Luzern-300x85.webp 300w\" sizes=\"auto, (max-width: 320px) 100vw, 320px\" \/><\/figure>\n\n\n\n<p>Le Campus Leadership de l\u2019Arm\u00e9e suisse coop\u00e8re avec l\u2019Universit\u00e9 de Lucerne, en particulier dans le <a href=\"https:\/\/www.unilu.ch\/weiterbildung\/wf\/mas-in-effective-leadership\/\" target=\"_blank\" rel=\"noreferrer noopener\">MAS in Effective Leadership<\/a>.<\/p>\n\n\n\n<h3 class=\"wp-block-heading\">Haute \u00e9cole sp\u00e9cialis\u00e9e des Grisons <\/h3>\n\n\n\n<figure class=\"wp-block-image size-full\"><img loading=\"lazy\" decoding=\"async\" width=\"560\" height=\"91\" src=\"https:\/\/leadershipcampus.ch\/fr\/wp-content\/uploads\/sites\/3\/Kooperationspartner-Logo-Fachhochschule-Graubunden.webp\" alt=\"\" class=\"wp-image-76\" srcset=\"https:\/\/leadershipcampus.ch\/fr\/wp-content\/uploads\/sites\/3\/Kooperationspartner-Logo-Fachhochschule-Graubunden.webp 560w, https:\/\/leadershipcampus.ch\/fr\/wp-content\/uploads\/sites\/3\/Kooperationspartner-Logo-Fachhochschule-Graubunden-300x49.webp 300w\" sizes=\"auto, (max-width: 560px) 100vw, 560px\" \/><\/figure>\n\n\n\n<p>Le Campus Leadership de l\u2019Arm\u00e9e suisse coop\u00e8re avec la Haute \u00e9cole sp\u00e9cialis\u00e9e des Grisons, en particulier dans le <a href=\"https:\/\/www.fhgr.ch\/en\/further-education\/management\/certificate-of-advanced-studies\/strategy-with-impact\/\" target=\"_blank\" rel=\"noreferrer noopener\">CAS Strategy with Impact<\/a>.<\/p>\n","protected":false},"excerpt":{"rendered":"<p>Stages S\u00e9minaire de strat\u00e9gie militaire du chef de l\u2019Arm\u00e9e\u00a02023 Le chef de l\u2019Arm\u00e9e dirige personnellement le s\u00e9minaire de strat\u00e9gie militaire. Le but est de pr\u00e9senter aux participantes et participants un tableau r\u00e9aliste des menaces objectives et subjectives actuelles, ainsi que des risques qui en d\u00e9coulent pour la s\u00e9curit\u00e9 de l\u2019\u00e9conomie et de la soci\u00e9t\u00e9 civile. [&hellip;]<\/p>\n","protected":false},"author":11,"featured_media":78,"parent":0,"menu_order":0,"comment_status":"closed","ping_status":"closed","template":"templates\/template-cover.php","meta":{"footnotes":""},"class_list":["post-74","page","type-page","status-publish","has-post-thumbnail","hentry"],"yoast_head":"<!-- This site is optimized with the Yoast SEO plugin v27.4 - https:\/\/yoast.com\/product\/yoast-seo-wordpress\/ -->\n<title>Formation au leadership &#8211; Leadership Campus de l&#039;Arm\u00e9e suisse<\/title>\n<meta name=\"robots\" content=\"index, follow, max-snippet:-1, max-image-preview:large, max-video-preview:-1\" \/>\n<link rel=\"canonical\" href=\"https:\/\/leadershipcampus.ch\/fr\/formation-au-leadership\/\" \/>\n<meta property=\"og:locale\" content=\"fr_FR\" \/>\n<meta property=\"og:type\" content=\"article\" \/>\n<meta property=\"og:title\" content=\"Formation au leadership &#8211; Leadership Campus de l&#039;Arm\u00e9e suisse\" \/>\n<meta property=\"og:description\" content=\"Stages S\u00e9minaire de strat\u00e9gie militaire du chef de l\u2019Arm\u00e9e\u00a02023 Le chef de l\u2019Arm\u00e9e dirige personnellement le s\u00e9minaire de strat\u00e9gie militaire. Le but est de pr\u00e9senter aux participantes et participants un tableau r\u00e9aliste des menaces objectives et subjectives actuelles, ainsi que des risques qui en d\u00e9coulent pour la s\u00e9curit\u00e9 de l\u2019\u00e9conomie et de la soci\u00e9t\u00e9 civile. [&hellip;]\" \/>\n<meta property=\"og:url\" content=\"https:\/\/leadershipcampus.ch\/fr\/formation-au-leadership\/\" \/>\n<meta property=\"og:site_name\" content=\"Leadership Campus de l&#039;Arm\u00e9e suisse\" \/>\n<meta property=\"article:modified_time\" content=\"2023-09-08T09:56:40+00:00\" \/>\n<meta property=\"og:image\" content=\"https:\/\/leadershipcampus.ch\/fr\/wp-content\/uploads\/sites\/3\/Featured-Leadership-Ausbildung.webp\" \/>\n\t<meta property=\"og:image:width\" content=\"1980\" \/>\n\t<meta property=\"og:image:height\" content=\"1485\" \/>\n\t<meta property=\"og:image:type\" content=\"image\/webp\" \/>\n<meta name=\"twitter:card\" content=\"summary_large_image\" \/>\n<meta name=\"twitter:label1\" content=\"Dur\u00e9e de lecture estim\u00e9e\" \/>\n\t<meta name=\"twitter:data1\" content=\"3 minutes\" \/>\n<script type=\"application\/ld+json\" class=\"yoast-schema-graph\">{\"@context\":\"https:\\\/\\\/schema.org\",\"@graph\":[{\"@type\":\"WebPage\",\"@id\":\"https:\\\/\\\/leadershipcampus.ch\\\/fr\\\/formation-au-leadership\\\/\",\"url\":\"https:\\\/\\\/leadershipcampus.ch\\\/fr\\\/formation-au-leadership\\\/\",\"name\":\"Formation au leadership &#8211; Leadership Campus de l&#039;Arm\u00e9e suisse\",\"isPartOf\":{\"@id\":\"https:\\\/\\\/leadershipcampus.ch\\\/fr\\\/#website\"},\"primaryImageOfPage\":{\"@id\":\"https:\\\/\\\/leadershipcampus.ch\\\/fr\\\/formation-au-leadership\\\/#primaryimage\"},\"image\":{\"@id\":\"https:\\\/\\\/leadershipcampus.ch\\\/fr\\\/formation-au-leadership\\\/#primaryimage\"},\"thumbnailUrl\":\"https:\\\/\\\/leadershipcampus.ch\\\/fr\\\/wp-content\\\/uploads\\\/sites\\\/3\\\/Featured-Leadership-Ausbildung.webp\",\"datePublished\":\"2023-09-08T09:56:39+00:00\",\"dateModified\":\"2023-09-08T09:56:40+00:00\",\"breadcrumb\":{\"@id\":\"https:\\\/\\\/leadershipcampus.ch\\\/fr\\\/formation-au-leadership\\\/#breadcrumb\"},\"inLanguage\":\"fr-FR\",\"potentialAction\":[{\"@type\":\"ReadAction\",\"target\":[\"https:\\\/\\\/leadershipcampus.ch\\\/fr\\\/formation-au-leadership\\\/\"]}]},{\"@type\":\"ImageObject\",\"inLanguage\":\"fr-FR\",\"@id\":\"https:\\\/\\\/leadershipcampus.ch\\\/fr\\\/formation-au-leadership\\\/#primaryimage\",\"url\":\"https:\\\/\\\/leadershipcampus.ch\\\/fr\\\/wp-content\\\/uploads\\\/sites\\\/3\\\/Featured-Leadership-Ausbildung.webp\",\"contentUrl\":\"https:\\\/\\\/leadershipcampus.ch\\\/fr\\\/wp-content\\\/uploads\\\/sites\\\/3\\\/Featured-Leadership-Ausbildung.webp\",\"width\":1980,\"height\":1485,\"caption\":\"Featured-Leadership-Ausbildung\"},{\"@type\":\"BreadcrumbList\",\"@id\":\"https:\\\/\\\/leadershipcampus.ch\\\/fr\\\/formation-au-leadership\\\/#breadcrumb\",\"itemListElement\":[{\"@type\":\"ListItem\",\"position\":1,\"name\":\"Home\",\"item\":\"https:\\\/\\\/leadershipcampus.ch\\\/fr\\\/\"},{\"@type\":\"ListItem\",\"position\":2,\"name\":\"Formation au leadership\"}]},{\"@type\":\"WebSite\",\"@id\":\"https:\\\/\\\/leadershipcampus.ch\\\/fr\\\/#website\",\"url\":\"https:\\\/\\\/leadershipcampus.ch\\\/fr\\\/\",\"name\":\"Leadership Campus de l&#039;Arm\u00e9e suisse\",\"description\":\"\",\"publisher\":{\"@id\":\"https:\\\/\\\/leadershipcampus.ch\\\/fr\\\/#organization\"},\"potentialAction\":[{\"@type\":\"SearchAction\",\"target\":{\"@type\":\"EntryPoint\",\"urlTemplate\":\"https:\\\/\\\/leadershipcampus.ch\\\/fr\\\/?s={search_term_string}\"},\"query-input\":{\"@type\":\"PropertyValueSpecification\",\"valueRequired\":true,\"valueName\":\"search_term_string\"}}],\"inLanguage\":\"fr-FR\"},{\"@type\":\"Organization\",\"@id\":\"https:\\\/\\\/leadershipcampus.ch\\\/fr\\\/#organization\",\"name\":\"Leadership Campus de l'Arm\u00e9e suisse\",\"url\":\"https:\\\/\\\/leadershipcampus.ch\\\/fr\\\/\",\"logo\":{\"@type\":\"ImageObject\",\"inLanguage\":\"fr-FR\",\"@id\":\"https:\\\/\\\/leadershipcampus.ch\\\/fr\\\/#\\\/schema\\\/logo\\\/image\\\/\",\"url\":\"https:\\\/\\\/leadershipcampus.ch\\\/fr\\\/wp-content\\\/uploads\\\/sites\\\/3\\\/2022\\\/04\\\/Logo-Leadership-Campus-FR.png\",\"contentUrl\":\"https:\\\/\\\/leadershipcampus.ch\\\/fr\\\/wp-content\\\/uploads\\\/sites\\\/3\\\/2022\\\/04\\\/Logo-Leadership-Campus-FR.png\",\"width\":498,\"height\":53,\"caption\":\"Leadership Campus de l'Arm\u00e9e suisse\"},\"image\":{\"@id\":\"https:\\\/\\\/leadershipcampus.ch\\\/fr\\\/#\\\/schema\\\/logo\\\/image\\\/\"}}]}<\/script>\n<!-- \/ Yoast SEO plugin. -->","yoast_head_json":{"title":"Formation au leadership &#8211; Leadership Campus de l&#039;Arm\u00e9e suisse","robots":{"index":"index","follow":"follow","max-snippet":"max-snippet:-1","max-image-preview":"max-image-preview:large","max-video-preview":"max-video-preview:-1"},"canonical":"https:\/\/leadershipcampus.ch\/fr\/formation-au-leadership\/","og_locale":"fr_FR","og_type":"article","og_title":"Formation au leadership &#8211; Leadership Campus de l&#039;Arm\u00e9e suisse","og_description":"Stages S\u00e9minaire de strat\u00e9gie militaire du chef de l\u2019Arm\u00e9e\u00a02023 Le chef de l\u2019Arm\u00e9e dirige personnellement le s\u00e9minaire de strat\u00e9gie militaire. Le but est de pr\u00e9senter aux participantes et participants un tableau r\u00e9aliste des menaces objectives et subjectives actuelles, ainsi que des risques qui en d\u00e9coulent pour la s\u00e9curit\u00e9 de l\u2019\u00e9conomie et de la soci\u00e9t\u00e9 civile. [&hellip;]","og_url":"https:\/\/leadershipcampus.ch\/fr\/formation-au-leadership\/","og_site_name":"Leadership Campus de l&#039;Arm\u00e9e suisse","article_modified_time":"2023-09-08T09:56:40+00:00","og_image":[{"width":1980,"height":1485,"url":"https:\/\/leadershipcampus.ch\/fr\/wp-content\/uploads\/sites\/3\/Featured-Leadership-Ausbildung.webp","type":"image\/webp"}],"twitter_card":"summary_large_image","twitter_misc":{"Dur\u00e9e de lecture estim\u00e9e":"3 minutes"},"schema":{"@context":"https:\/\/schema.org","@graph":[{"@type":"WebPage","@id":"https:\/\/leadershipcampus.ch\/fr\/formation-au-leadership\/","url":"https:\/\/leadershipcampus.ch\/fr\/formation-au-leadership\/","name":"Formation au leadership &#8211; Leadership Campus de l&#039;Arm\u00e9e suisse","isPartOf":{"@id":"https:\/\/leadershipcampus.ch\/fr\/#website"},"primaryImageOfPage":{"@id":"https:\/\/leadershipcampus.ch\/fr\/formation-au-leadership\/#primaryimage"},"image":{"@id":"https:\/\/leadershipcampus.ch\/fr\/formation-au-leadership\/#primaryimage"},"thumbnailUrl":"https:\/\/leadershipcampus.ch\/fr\/wp-content\/uploads\/sites\/3\/Featured-Leadership-Ausbildung.webp","datePublished":"2023-09-08T09:56:39+00:00","dateModified":"2023-09-08T09:56:40+00:00","breadcrumb":{"@id":"https:\/\/leadershipcampus.ch\/fr\/formation-au-leadership\/#breadcrumb"},"inLanguage":"fr-FR","potentialAction":[{"@type":"ReadAction","target":["https:\/\/leadershipcampus.ch\/fr\/formation-au-leadership\/"]}]},{"@type":"ImageObject","inLanguage":"fr-FR","@id":"https:\/\/leadershipcampus.ch\/fr\/formation-au-leadership\/#primaryimage","url":"https:\/\/leadershipcampus.ch\/fr\/wp-content\/uploads\/sites\/3\/Featured-Leadership-Ausbildung.webp","contentUrl":"https:\/\/leadershipcampus.ch\/fr\/wp-content\/uploads\/sites\/3\/Featured-Leadership-Ausbildung.webp","width":1980,"height":1485,"caption":"Featured-Leadership-Ausbildung"},{"@type":"BreadcrumbList","@id":"https:\/\/leadershipcampus.ch\/fr\/formation-au-leadership\/#breadcrumb","itemListElement":[{"@type":"ListItem","position":1,"name":"Home","item":"https:\/\/leadershipcampus.ch\/fr\/"},{"@type":"ListItem","position":2,"name":"Formation au leadership"}]},{"@type":"WebSite","@id":"https:\/\/leadershipcampus.ch\/fr\/#website","url":"https:\/\/leadershipcampus.ch\/fr\/","name":"Leadership Campus de l&#039;Arm\u00e9e suisse","description":"","publisher":{"@id":"https:\/\/leadershipcampus.ch\/fr\/#organization"},"potentialAction":[{"@type":"SearchAction","target":{"@type":"EntryPoint","urlTemplate":"https:\/\/leadershipcampus.ch\/fr\/?s={search_term_string}"},"query-input":{"@type":"PropertyValueSpecification","valueRequired":true,"valueName":"search_term_string"}}],"inLanguage":"fr-FR"},{"@type":"Organization","@id":"https:\/\/leadershipcampus.ch\/fr\/#organization","name":"Leadership Campus de l'Arm\u00e9e suisse","url":"https:\/\/leadershipcampus.ch\/fr\/","logo":{"@type":"ImageObject","inLanguage":"fr-FR","@id":"https:\/\/leadershipcampus.ch\/fr\/#\/schema\/logo\/image\/","url":"https:\/\/leadershipcampus.ch\/fr\/wp-content\/uploads\/sites\/3\/2022\/04\/Logo-Leadership-Campus-FR.png","contentUrl":"https:\/\/leadershipcampus.ch\/fr\/wp-content\/uploads\/sites\/3\/2022\/04\/Logo-Leadership-Campus-FR.png","width":498,"height":53,"caption":"Leadership Campus de l'Arm\u00e9e suisse"},"image":{"@id":"https:\/\/leadershipcampus.ch\/fr\/#\/schema\/logo\/image\/"}}]}},"jetpack-related-posts":[{"id":16,"url":"https:\/\/leadershipcampus.ch\/fr\/leadership\/","url_meta":{"origin":74,"position":0},"title":"Leadership","author":"administrator@leadershipcampus.ch","date":"21 avril 2022","format":false,"excerpt":"Le leadership dans l\u2019Arm\u00e9e suisse Ce que nous entendons par conduite\u00a0: Selon Blessin et Wick, conduire des collaboratrices et collaborateurs signifie \u00ab\u00a0exercer une influence l\u00e9gitime sur leurs actions dans des situations mal structur\u00e9es \u00e0 l\u2019aide et \u00e0 la diff\u00e9rence d\u2019autres influences\u00a0\u00bb\u00a0[1]. Reposant sur la th\u00e9orie de l\u2019action, cette d\u00e9finition englobe\u2026","rel":"","context":"Article similaire","block_context":{"text":"Article similaire","link":""},"img":{"alt_text":"Featured Leadership","src":"https:\/\/i0.wp.com\/leadershipcampus.ch\/fr\/wp-content\/uploads\/sites\/3\/Featured-Leadership.jpg?resize=350%2C200&ssl=1","width":350,"height":200,"srcset":"https:\/\/i0.wp.com\/leadershipcampus.ch\/fr\/wp-content\/uploads\/sites\/3\/Featured-Leadership.jpg?resize=350%2C200&ssl=1 1x, https:\/\/i0.wp.com\/leadershipcampus.ch\/fr\/wp-content\/uploads\/sites\/3\/Featured-Leadership.jpg?resize=525%2C300&ssl=1 1.5x, https:\/\/i0.wp.com\/leadershipcampus.ch\/fr\/wp-content\/uploads\/sites\/3\/Featured-Leadership.jpg?resize=700%2C400&ssl=1 2x, https:\/\/i0.wp.com\/leadershipcampus.ch\/fr\/wp-content\/uploads\/sites\/3\/Featured-Leadership.jpg?resize=1050%2C600&ssl=1 3x, https:\/\/i0.wp.com\/leadershipcampus.ch\/fr\/wp-content\/uploads\/sites\/3\/Featured-Leadership.jpg?resize=1400%2C800&ssl=1 4x"},"classes":[]},{"id":6,"url":"https:\/\/leadershipcampus.ch\/fr\/","url_meta":{"origin":74,"position":1},"title":"Bienvenue","author":"administrator@leadershipcampus.ch","date":"21 avril 2022","format":false,"excerpt":"\u00c0 propos du Campus Leadership de l\u2019Arm\u00e9e suisse Le Campus Leadership de l\u2019Arm\u00e9e suisse est fond\u00e9 sur le quatri\u00e8me point de la vision L'Arm\u00e9e suisse en 2030. Le sens du leadership\u00ab\u00a0L\u2019arm\u00e9e forme les leaders de demain.\u00a0\u00bb Vision L'Arm\u00e9e suisse en 2030 \u00c0 l\u2019arm\u00e9e, les futurs jeunes leaders peuvent rapidement assumer\u2026","rel":"","context":"Article similaire","block_context":{"text":"Article similaire","link":""},"img":{"alt_text":"Featured Willkommen","src":"https:\/\/i0.wp.com\/leadershipcampus.ch\/fr\/wp-content\/uploads\/sites\/3\/Featured-Willkommen.webp?resize=350%2C200&ssl=1","width":350,"height":200,"srcset":"https:\/\/i0.wp.com\/leadershipcampus.ch\/fr\/wp-content\/uploads\/sites\/3\/Featured-Willkommen.webp?resize=350%2C200&ssl=1 1x, https:\/\/i0.wp.com\/leadershipcampus.ch\/fr\/wp-content\/uploads\/sites\/3\/Featured-Willkommen.webp?resize=525%2C300&ssl=1 1.5x, https:\/\/i0.wp.com\/leadershipcampus.ch\/fr\/wp-content\/uploads\/sites\/3\/Featured-Willkommen.webp?resize=700%2C400&ssl=1 2x, https:\/\/i0.wp.com\/leadershipcampus.ch\/fr\/wp-content\/uploads\/sites\/3\/Featured-Willkommen.webp?resize=1050%2C600&ssl=1 3x, https:\/\/i0.wp.com\/leadershipcampus.ch\/fr\/wp-content\/uploads\/sites\/3\/Featured-Willkommen.webp?resize=1400%2C800&ssl=1 4x"},"classes":[]},{"id":37,"url":"https:\/\/leadershipcampus.ch\/fr\/colophon\/","url_meta":{"origin":74,"position":2},"title":"Colophon","author":"administrator@leadershipcampus.ch","date":"21 avril 2022","format":false,"excerpt":"L'\u00e9diteur de ce site est le Leadership Campus de l'Arm\u00e9e suisse.Kilroy Communications S\u00e0rl est responsable de la conception, du design et de la r\u00e9alisation. Ce site bas\u00e9 sur WordPress est h\u00e9berg\u00e9 en Suisse par Infomaniak. D\u00e9claration de protection des donn\u00e9es 1. De quoi est-il question dans cette d\u00e9claration de protection\u2026","rel":"","context":"Article similaire","block_context":{"text":"Article similaire","link":""},"img":{"alt_text":"","src":"","width":0,"height":0},"classes":[]}],"jetpack_sharing_enabled":true,"_links":{"self":[{"href":"https:\/\/leadershipcampus.ch\/fr\/wp-json\/wp\/v2\/pages\/74","targetHints":{"allow":["GET"]}}],"collection":[{"href":"https:\/\/leadershipcampus.ch\/fr\/wp-json\/wp\/v2\/pages"}],"about":[{"href":"https:\/\/leadershipcampus.ch\/fr\/wp-json\/wp\/v2\/types\/page"}],"author":[{"embeddable":true,"href":"https:\/\/leadershipcampus.ch\/fr\/wp-json\/wp\/v2\/users\/11"}],"replies":[{"embeddable":true,"href":"https:\/\/leadershipcampus.ch\/fr\/wp-json\/wp\/v2\/comments?post=74"}],"version-history":[{"count":2,"href":"https:\/\/leadershipcampus.ch\/fr\/wp-json\/wp\/v2\/pages\/74\/revisions"}],"predecessor-version":[{"id":80,"href":"https:\/\/leadershipcampus.ch\/fr\/wp-json\/wp\/v2\/pages\/74\/revisions\/80"}],"wp:featuredmedia":[{"embeddable":true,"href":"https:\/\/leadershipcampus.ch\/fr\/wp-json\/wp\/v2\/media\/78"}],"wp:attachment":[{"href":"https:\/\/leadershipcampus.ch\/fr\/wp-json\/wp\/v2\/media?parent=74"}],"curies":[{"name":"wp","href":"https:\/\/api.w.org\/{rel}","templated":true}]}}